{"id":307,"date":"2020-06-23T11:07:17","date_gmt":"2020-06-22T23:07:17","guid":{"rendered":"http:\/\/culture.malo.wf\/?page_id=307"},"modified":"2020-07-10T08:07:40","modified_gmt":"2020-07-09T20:07:40","slug":"entretien-des-sites","status":"publish","type":"page","link":"https:\/\/culture.malo.wf\/?page_id=307","title":{"rendered":"Sites culturels"},"content":{"rendered":"\n<div class=\"wp-block-group\"><div class=\"wp-block-group__inner-container is-layout-flow wp-block-group-is-layout-flow\">\n<figure class=\"wp-block-image size-large is-resized\"><img loading=\"lazy\" decoding=\"async\" src=\"https:\/\/culture.malo.wf\/wp-content\/uploads\/2020\/07\/NEGA-1-Petit.jpg\" alt=\"\" class=\"wp-image-390\" width=\"955\" height=\"164\" srcset=\"https:\/\/culture.malo.wf\/wp-content\/uploads\/2020\/07\/NEGA-1-Petit.jpg 854w, https:\/\/culture.malo.wf\/wp-content\/uploads\/2020\/07\/NEGA-1-Petit-300x52.jpg 300w, https:\/\/culture.malo.wf\/wp-content\/uploads\/2020\/07\/NEGA-1-Petit-768x132.jpg 768w\" sizes=\"auto, (max-width: 955px) 100vw, 955px\" \/><\/figure>\n\n\n\n<p style=\"color:#010c10\" class=\"has-text-color\">Gr\u00e2ce aux r\u00e9centes fouilles et aux recherches ethnologiques effectu\u00e9es sur le Territoire par une \u00e9quipe de chercheurs fran\u00e7ais du CNRS et de l&rsquo;ORSTOM de Noum\u00e9a, Wallis et Futuna ont \u00e9t\u00e9, \u00e0 la m\u00eame p\u00e9riode que les \u00eeles Fidji, Samoa et Tonga [berceau polyn\u00e9sien], peupl\u00e9es, il y a 3000 ans, par une population fabriquant un type de poterie particulier appel\u00e9 \u00abPoterie Lapita\u00bb. Ces recherches ont \u00e9galement permis de confirmer l&rsquo;authenticit\u00e9 des traditions orales qui remontent jusqu\u2019au XV<sup>\u00e8me<\/sup> si\u00e8cle.<\/p>\n\n\n\n<p style=\"color:#021016\" class=\"has-text-color\">Peupl\u00e9e vers 700 avant J\u00e9sus-Christ, Futuna gardera des contacts avec les \u00eeles voisines, en particulier Fidji et Samoa, ainsi que des \u00e9changes culturels avec la Micron\u00e9sie, comme en attestent les herminettes en coquillage ou autres objets trouv\u00e9s dans les fouilles arch\u00e9ologiques men\u00e9es dans les ann\u00e9es 1980 par Daniel FRIMIGACCI et Christophe SAND. La soci\u00e9t\u00e9 futunienne subira de nombreuses transformations et peu \u00e0 peu \u00e9voluera vers la mise en place d\u2019une structure de chefferie autonome de type polyn\u00e9sien, jusqu\u2019\u00e0 cette chefferie \u00e0 titre pyramidal que l\u2019on conna\u00eet de nos jours. <\/p>\n\n\n\n<p style=\"color:#020e14\" class=\"has-text-color\">Comme en t\u00e9moignent de nombreux vestiges anciens tels les places fortifi\u00e9es, les forts en terre ou en pierre, reli\u00e9s par des routes, les monuments fun\u00e9raires, l&rsquo;\u00eele d\u2019Uv\u00e9a (Wallis) a \u00e9t\u00e9 envahie au XV<sup>\u00e8me<\/sup> si\u00e8cle par les Tongiens qui r\u00e9ussirent \u00e0 installer un syst\u00e8me de Chefferie \u00e0 Titre, celui que l&rsquo;on conna\u00eet actuellement. <\/p>\n\n\n\n<figure class=\"wp-block-image size-large is-resized\"><img loading=\"lazy\" decoding=\"async\" src=\"https:\/\/culture.malo.wf\/wp-content\/uploads\/2020\/07\/NEGA-3-Petit.jpg\" alt=\"\" class=\"wp-image-392\" width=\"963\" height=\"160\" srcset=\"https:\/\/culture.malo.wf\/wp-content\/uploads\/2020\/07\/NEGA-3-Petit.jpg 854w, https:\/\/culture.malo.wf\/wp-content\/uploads\/2020\/07\/NEGA-3-Petit-300x50.jpg 300w, https:\/\/culture.malo.wf\/wp-content\/uploads\/2020\/07\/NEGA-3-Petit-768x128.jpg 768w\" sizes=\"auto, (max-width: 963px) 100vw, 963px\" \/><\/figure>\n\n\n\n<p><\/p>\n<\/div><\/div>\n\n\n\n<p style=\"color:#021016\" class=\"has-text-color\">A Futuna, les sites, situ\u00e9s sur des terrains familiales, sont entretenus par les propri\u00e9taires fonciers ou par les villageois suivant l&#8217;emplacement. L&rsquo;entretien est r\u00e9mun\u00e9r\u00e9 par le dispositif des chantiers de d\u00e9veloppement via l&rsquo;association socio-culturelle de Futuna. L&rsquo;organisation et le suivi des travaux d&rsquo;entretien des sites sont assur\u00e9s par l&rsquo;antenne du STAC.<\/p>\n\n\n\n<p style=\"color:#010d12\" class=\"has-text-color\">Parall\u00e8lement, en attendant la mise en place d&rsquo;un office du tourisme, le personnel du service \u00e0 Wallis comme \u00e0 Futuna assure les visites des divers sites \u00e0 tous ceux qui le souhaitent, visiteurs de l&rsquo;ext\u00e9rieur comme les \u00e9l\u00e8ves et la population locale. Les visites sont de plus en plus fr\u00e9quentes.<\/p>\n\n\n\n<div class=\"wp-block-cover has-very-light-gray-background-color has-background-dim\" style=\"min-height:121px;aspect-ratio:unset;\"><div class=\"wp-block-cover__inner-container is-layout-flow wp-block-cover-is-layout-flow\">\n<p class=\"has-text-color has-text-align-center has-large-font-size has-very-dark-gray-color\"><a href=\"https:\/\/culture.malo.wf\/?page_id=169\" target=\"_blank\" rel=\"noreferrer noopener\">Sites de WALLIS<\/a><\/p>\n<\/div><\/div>\n\n\n\n<div class=\"wp-block-cover has-very-light-gray-background-color has-background-dim\" style=\"min-height:52px;aspect-ratio:unset;\"><div class=\"wp-block-cover__inner-container is-layout-flow wp-block-cover-is-layout-flow\">\n<p class=\"has-text-color has-text-align-center has-large-font-size has-very-dark-gray-color\"><a href=\"https:\/\/culture.malo.wf\/?page_id=342(ouvre un nouvel onglet)\" target=\"_blank\" rel=\"noreferrer noopener\">Sites de FUTUNA<\/a><\/p>\n<\/div><\/div>\n\n\n\n<p><\/p>\n","protected":false},"excerpt":{"rendered":"<p>Gr\u00e2ce aux r\u00e9centes fouilles et aux recherches ethnologiques effectu\u00e9es sur le Territoire par une \u00e9quipe de chercheurs fran\u00e7ais du CNRS et de l&rsquo;ORSTOM de Noum\u00e9a, Wallis et Futuna ont \u00e9t\u00e9, \u00e0 la m\u00eame p\u00e9riode&#46;&#46;&#46;<\/p>\n","protected":false},"author":1,"featured_media":0,"parent":295,"menu_order":0,"comment_status":"closed","ping_status":"closed","template":"","meta":{"footnotes":""},"class_list":["post-307","page","type-page","status-publish","hentry"],"_links":{"self":[{"href":"https:\/\/culture.malo.wf\/index.php?rest_route=\/wp\/v2\/pages\/307","targetHints":{"allow":["GET"]}}],"collection":[{"href":"https:\/\/culture.malo.wf\/index.php?rest_route=\/wp\/v2\/pages"}],"about":[{"href":"https:\/\/culture.malo.wf\/index.php?rest_route=\/wp\/v2\/types\/page"}],"author":[{"embeddable":true,"href":"https:\/\/culture.malo.wf\/index.php?rest_route=\/wp\/v2\/users\/1"}],"replies":[{"embeddable":true,"href":"https:\/\/culture.malo.wf\/index.php?rest_route=%2Fwp%2Fv2%2Fcomments&post=307"}],"version-history":[{"count":15,"href":"https:\/\/culture.malo.wf\/index.php?rest_route=\/wp\/v2\/pages\/307\/revisions"}],"predecessor-version":[{"id":498,"href":"https:\/\/culture.malo.wf\/index.php?rest_route=\/wp\/v2\/pages\/307\/revisions\/498"}],"up":[{"embeddable":true,"href":"https:\/\/culture.malo.wf\/index.php?rest_route=\/wp\/v2\/pages\/295"}],"wp:attachment":[{"href":"https:\/\/culture.malo.wf\/index.php?rest_route=%2Fwp%2Fv2%2Fmedia&parent=307"}],"curies":[{"name":"wp","href":"https:\/\/api.w.org\/{rel}","templated":true}]}}