{"id":304,"date":"2020-06-23T11:06:02","date_gmt":"2020-06-22T23:06:02","guid":{"rendered":"http:\/\/culture.malo.wf\/?page_id=304"},"modified":"2020-07-10T08:05:39","modified_gmt":"2020-07-09T20:05:39","slug":"recherches-genealogiques","status":"publish","type":"page","link":"https:\/\/culture.malo.wf\/?page_id=304","title":{"rendered":"Recherches g\u00e9n\u00e9alogiques"},"content":{"rendered":"\n<p style=\"color:#01090d\" class=\"has-text-color\">La recherche g\u00e9n\u00e9alogique se fait \u00e0 la demande de personnes d\u00e9sireux de conna\u00eetre leur arbre g\u00e9n\u00e9alogique soit pour mettre en lumi\u00e8re des litiges fonciers ou soit pour leur propre information en particulier, ceux qui vivent en Nouvelle-Cal\u00e9donie, en Polyn\u00e9sie Fran\u00e7aise et en France m\u00e9tropolitaine.<\/p>\n\n\n\n<p style=\"color:#011016\" class=\"has-text-color\">En 2019, une enqu\u00eate a d\u00e9but\u00e9 pour mettre \u00e0 jour les renseignements sur la toponymie. S&rsquo;agissant de Futuna, les demandes de recherches g\u00e9n\u00e9alogiques re\u00e7ues par l&rsquo;antenne restent en attente de la mise en place du bureau de la g\u00e9n\u00e9alogie ainsi que les informations n\u00e9cessaires pour ex\u00e9cuter le travail. Le travail de collecte d&rsquo;informations est en cours sur les registres manquants (actes de naissance, de bapt\u00eame, de mariage et de d\u00e9c\u00e8s).<\/p>\n\n\n\n<figure class=\"wp-block-image size-large is-resized\"><img loading=\"lazy\" decoding=\"async\" src=\"https:\/\/culture.malo.wf\/wp-content\/uploads\/2020\/06\/Proc\u00e9dure-pour-une-demande-de-g\u00e9n\u00e9alogie-Moyen-1024x724.png\" alt=\"\" class=\"wp-image-317\" width=\"812\" height=\"573\" srcset=\"https:\/\/culture.malo.wf\/wp-content\/uploads\/2020\/06\/Proc\u00e9dure-pour-une-demande-de-g\u00e9n\u00e9alogie-Moyen-1024x724.png 1024w, https:\/\/culture.malo.wf\/wp-content\/uploads\/2020\/06\/Proc\u00e9dure-pour-une-demande-de-g\u00e9n\u00e9alogie-Moyen-300x212.png 300w, https:\/\/culture.malo.wf\/wp-content\/uploads\/2020\/06\/Proc\u00e9dure-pour-une-demande-de-g\u00e9n\u00e9alogie-Moyen-768x543.png 768w, https:\/\/culture.malo.wf\/wp-content\/uploads\/2020\/06\/Proc\u00e9dure-pour-une-demande-de-g\u00e9n\u00e9alogie-Moyen.png 1086w\" sizes=\"auto, (max-width: 812px) 100vw, 812px\" \/><\/figure>\n\n\n\n<div class=\"wp-block-file\"><a href=\"https:\/\/culture.malo.wf\/wp-content\/uploads\/2020\/06\/Formulaire-dinscription-Demande-de-g\u00e9n\u00e9alogie.pdf\">Formulaire-dinscription-Demande-de-g\u00e9n\u00e9alogie<\/a><a href=\"https:\/\/culture.malo.wf\/wp-content\/uploads\/2020\/06\/Formulaire-dinscription-Demande-de-g\u00e9n\u00e9alogie.pdf\" class=\"wp-block-file__button\" download>T\u00e9l\u00e9charger<\/a><\/div>\n\n\n\n<div class=\"wp-block-file\"><a href=\"https:\/\/culture.malo.wf\/wp-content\/uploads\/2020\/06\/G\u00e9n\u00e9alogie-Pi\u00e8ces-\u00e0-fournir.png\">G\u00e9n\u00e9alogie-Pi\u00e8ces-\u00e0-fournir<\/a><a href=\"https:\/\/culture.malo.wf\/wp-content\/uploads\/2020\/06\/G\u00e9n\u00e9alogie-Pi\u00e8ces-\u00e0-fournir.png\" class=\"wp-block-file__button\" download>T\u00e9l\u00e9charger<\/a><\/div>\n\n\n\n<p style=\"color:#010a0e\" class=\"has-text-color\">Pour plus de renseignements, vous pouvez prendre contact avec notre bureau Recherche g\u00e9n\u00e9alogique par courriel: tohihako.stac@mail.wf<\/p>\n\n\n\n<p><\/p>\n","protected":false},"excerpt":{"rendered":"<p>La recherche g\u00e9n\u00e9alogique se fait \u00e0 la demande de personnes d\u00e9sireux de conna\u00eetre leur arbre g\u00e9n\u00e9alogique soit pour mettre en lumi\u00e8re des litiges fonciers ou soit pour leur propre information en particulier, ceux qui&#46;&#46;&#46;<\/p>\n","protected":false},"author":1,"featured_media":0,"parent":295,"menu_order":0,"comment_status":"closed","ping_status":"closed","template":"","meta":{"footnotes":""},"class_list":["post-304","page","type-page","status-publish","hentry"],"_links":{"self":[{"href":"https:\/\/culture.malo.wf\/index.php?rest_route=\/wp\/v2\/pages\/304","targetHints":{"allow":["GET"]}}],"collection":[{"href":"https:\/\/culture.malo.wf\/index.php?rest_route=\/wp\/v2\/pages"}],"about":[{"href":"https:\/\/culture.malo.wf\/index.php?rest_route=\/wp\/v2\/types\/page"}],"author":[{"embeddable":true,"href":"https:\/\/culture.malo.wf\/index.php?rest_route=\/wp\/v2\/users\/1"}],"replies":[{"embeddable":true,"href":"https:\/\/culture.malo.wf\/index.php?rest_route=%2Fwp%2Fv2%2Fcomments&post=304"}],"version-history":[{"count":5,"href":"https:\/\/culture.malo.wf\/index.php?rest_route=\/wp\/v2\/pages\/304\/revisions"}],"predecessor-version":[{"id":497,"href":"https:\/\/culture.malo.wf\/index.php?rest_route=\/wp\/v2\/pages\/304\/revisions\/497"}],"up":[{"embeddable":true,"href":"https:\/\/culture.malo.wf\/index.php?rest_route=\/wp\/v2\/pages\/295"}],"wp:attachment":[{"href":"https:\/\/culture.malo.wf\/index.php?rest_route=%2Fwp%2Fv2%2Fmedia&parent=304"}],"curies":[{"name":"wp","href":"https:\/\/api.w.org\/{rel}","templated":true}]}}