{"id":295,"date":"2020-06-22T09:26:00","date_gmt":"2020-06-21T21:26:00","guid":{"rendered":"http:\/\/culture.malo.wf\/?page_id=295"},"modified":"2020-07-10T07:59:42","modified_gmt":"2020-07-09T19:59:42","slug":"constitution-conservation-du-patrimoine-culturel","status":"publish","type":"page","link":"https:\/\/culture.malo.wf\/?page_id=295","title":{"rendered":"Constitution\/Conservation du Patrimoine culturel"},"content":{"rendered":"\n<p style=\"color:#010d12\" class=\"has-text-color\">La culture est un patrimoine, un h\u00e9ritage l\u00e9gu\u00e9 par les g\u00e9n\u00e9rations pr\u00e9c\u00e9dentes pour les g\u00e9n\u00e9rations suivantes. Ce que l\u2019on entend par \u00ab&nbsp;patrimoine culturel&nbsp;\u00bb a chang\u00e9 de mani\u00e8re consid\u00e9rable au cours des derni\u00e8res d\u00e9cennies, en partie du fait des instruments \u00e9labor\u00e9s par l\u2019UNESCO. Il ne s\u2019arr\u00eate plus aux monuments et aux collections d\u2019objets. Il comprend \u00e9galement les coutumes, les traditions ou les expressions vivantes h\u00e9rit\u00e9es de nos anc\u00eatres, de nos chefferies et transmises \u00e0 nos descendants.<\/p>\n\n\n\n<p style=\"color:#021016\" class=\"has-text-color\">La culture locale de Wallis et Futuna est fond\u00e9e, d\u2019abord et avant tout, dans une m\u00e9moire collective o\u00f9 s&rsquo;expriment les traditions, les us et coutumes ainsi que les institutions coutumi\u00e8res. La <strong>culture locale s\u2019<\/strong>exprime de diff\u00e9rentes mani\u00e8res et est ressentie diff\u00e9remment selon&nbsp;des postures individuelles souvent ancr\u00e9es par des lieux communs; pour les uns, la culture ce sont les danses, la langue, la musique, l&rsquo;artisanat&nbsp;; pour d\u2019autres, c\u2019est la c\u00e9r\u00e9monie du kava, le \u00ab&nbsp;<em>katoaga<\/em>&nbsp;\u00bb et tout ce qui a trait aux traditions. Pour d\u2019autres encore, la coutume signifie la chefferie traditionnelle.<\/p>\n\n\n\n<figure class=\"wp-block-image size-large is-resized\"><img loading=\"lazy\" decoding=\"async\" src=\"https:\/\/culture.malo.wf\/wp-content\/uploads\/2020\/07\/NEGA-2-Petit.jpg\" alt=\"\" class=\"wp-image-401\" width=\"966\" height=\"154\" srcset=\"https:\/\/culture.malo.wf\/wp-content\/uploads\/2020\/07\/NEGA-2-Petit.jpg 854w, https:\/\/culture.malo.wf\/wp-content\/uploads\/2020\/07\/NEGA-2-Petit-300x48.jpg 300w, https:\/\/culture.malo.wf\/wp-content\/uploads\/2020\/07\/NEGA-2-Petit-768x122.jpg 768w\" sizes=\"auto, (max-width: 966px) 100vw, 966px\" \/><\/figure>\n\n\n\n<p style=\"color:#010e14\" class=\"has-text-color\">De ce fait, le service territorial assure les missions suivantes: <\/p>\n\n\n\n<ul class=\"wp-block-list\"><li><span style=\"color:#01090c\" class=\"has-inline-color\">Des <a rel=\"noreferrer noopener\" href=\"https:\/\/culture.malo.wf\/?page_id=301\" target=\"_blank\">enqu\u00eates\u00a0 sur le savoir-faire traditionnel<\/a> sont effectu\u00e9es aupr\u00e8s de la population.<\/span><\/li><\/ul>\n\n\n\n<ul class=\"wp-block-list\"><li><span style=\"color:#010b0f\" class=\"has-inline-color\">Le service s&rsquo;attache \u00e0 l&rsquo;<a rel=\"noreferrer noopener\" href=\"https:\/\/culture.malo.wf\/?page_id=307\" target=\"_blank\">entretien des sites historiques<\/a> majeurs tant \u00e0 Wallis qu&rsquo;\u00e0 Futuna et en assure les visites guid\u00e9es lorsqu&rsquo;il est sollicit\u00e9.<\/span><\/li><\/ul>\n\n\n\n<ul class=\"wp-block-list\"><li><span style=\"color:#010b0f\" class=\"has-inline-color\">La <a rel=\"noreferrer noopener\" href=\"https:\/\/culture.malo.wf\/?page_id=304\" target=\"_blank\">recherche g\u00e9n\u00e9alogique<\/a> est assur\u00e9e au sein du service.<\/span><\/li><\/ul>\n\n\n\n<p><\/p>\n","protected":false},"excerpt":{"rendered":"<p>La culture est un patrimoine, un h\u00e9ritage l\u00e9gu\u00e9 par les g\u00e9n\u00e9rations pr\u00e9c\u00e9dentes pour les g\u00e9n\u00e9rations suivantes. Ce que l\u2019on entend par \u00ab&nbsp;patrimoine culturel&nbsp;\u00bb a chang\u00e9 de mani\u00e8re consid\u00e9rable au cours des derni\u00e8res d\u00e9cennies, en&#46;&#46;&#46;<\/p>\n","protected":false},"author":1,"featured_media":0,"parent":0,"menu_order":0,"comment_status":"closed","ping_status":"closed","template":"","meta":{"footnotes":""},"class_list":["post-295","page","type-page","status-publish","hentry"],"_links":{"self":[{"href":"https:\/\/culture.malo.wf\/index.php?rest_route=\/wp\/v2\/pages\/295","targetHints":{"allow":["GET"]}}],"collection":[{"href":"https:\/\/culture.malo.wf\/index.php?rest_route=\/wp\/v2\/pages"}],"about":[{"href":"https:\/\/culture.malo.wf\/index.php?rest_route=\/wp\/v2\/types\/page"}],"author":[{"embeddable":true,"href":"https:\/\/culture.malo.wf\/index.php?rest_route=\/wp\/v2\/users\/1"}],"replies":[{"embeddable":true,"href":"https:\/\/culture.malo.wf\/index.php?rest_route=%2Fwp%2Fv2%2Fcomments&post=295"}],"version-history":[{"count":9,"href":"https:\/\/culture.malo.wf\/index.php?rest_route=\/wp\/v2\/pages\/295\/revisions"}],"predecessor-version":[{"id":496,"href":"https:\/\/culture.malo.wf\/index.php?rest_route=\/wp\/v2\/pages\/295\/revisions\/496"}],"wp:attachment":[{"href":"https:\/\/culture.malo.wf\/index.php?rest_route=%2Fwp%2Fv2%2Fmedia&parent=295"}],"curies":[{"name":"wp","href":"https:\/\/api.w.org\/{rel}","templated":true}]}}