{"id":282,"date":"2020-06-17T13:00:58","date_gmt":"2020-06-17T01:00:58","guid":{"rendered":"http:\/\/culture.malo.wf\/?page_id=282"},"modified":"2020-07-20T14:39:20","modified_gmt":"2020-07-20T02:39:20","slug":"calendriers-liturgiques-par-paroisse","status":"publish","type":"page","link":"https:\/\/culture.malo.wf\/?page_id=282","title":{"rendered":"Calendriers liturgiques des cinq paroisses"},"content":{"rendered":"\n<p><span style=\"color:#02131a\" class=\"has-inline-color\">Wallis et Futuna n&rsquo;ont pas connu de pr\u00e9sence europ\u00e9enne notable avant le 19e si\u00e8cle. En effet, c&rsquo;est en 1837que Mgr POMPALLIER, ayant pour mission d&rsquo;\u00e9vang\u00e9liser l&rsquo;Oc\u00e9anie, laisse le P. Bataillon \u00e0 Wallis le 1er novembre 1837 et d\u00e9barque le P. Chanel \u00e0 Futuna. Le P. Bataillon multiplie rapidement les conversions et, en 1842, on peut dire que toute l&rsquo;\u00eele est catholique. Consacr\u00e9 \u00e9v\u00eaque d&rsquo;ENOS en 1843, il est en charge de l&rsquo;immense vicariat de l&rsquo;Oc\u00e9anie centrale et les relations avec la France commenc\u00e8rent. A Futuna, c&rsquo;est paradoxalement le martyr du P. Chanel en 1841 qui assure la conversion de &lsquo;Alo et de Sigave. Il devint ainsi le premier saint canonis\u00e9 de l&rsquo;Oc\u00e9anie en 1954. D\u00e8s lors, la religion catholique occupe et joue un r\u00f4le important dans la vie quotidienne des habitants du Territoire.<\/span><\/p>\n\n\n\n<p><strong>Wallis est divis\u00e9e en 3 paroisses qui sont repr\u00e9sent\u00e9es comme suit:<\/strong><\/p>\n\n\n\n<ul class=\"wp-block-list\"><li><strong>La Paroisse du Nord, Hihifo<\/strong>, compos\u00e9e de 5 villages, est consacr\u00e9e <strong>sous le vocable de Sts Pierre et Paul<\/strong> (29 juin):<\/li><\/ul>\n\n\n\n<div class=\"wp-block-image\"><figure class=\"aligncenter size-large\"><img loading=\"lazy\" decoding=\"async\" width=\"679\" height=\"480\" src=\"https:\/\/culture.malo.wf\/wp-content\/uploads\/2020\/07\/Calendrier-liturgique-paroisse-de-Hihifo-copie-Petit.jpg\" alt=\"\" class=\"wp-image-527\" srcset=\"https:\/\/culture.malo.wf\/wp-content\/uploads\/2020\/07\/Calendrier-liturgique-paroisse-de-Hihifo-copie-Petit.jpg 679w, https:\/\/culture.malo.wf\/wp-content\/uploads\/2020\/07\/Calendrier-liturgique-paroisse-de-Hihifo-copie-Petit-300x212.jpg 300w\" sizes=\"auto, (max-width: 679px) 100vw, 679px\" \/><\/figure><\/div>\n\n\n\n<ul class=\"wp-block-list\"><li><strong>Le Centre, Hahake<\/strong>, compos\u00e9e de 6 villages, f\u00eate le 15 ao\u00fbt de chaque ann\u00e9e, l&rsquo;<strong>Assomption de la Vierge Marie<\/strong> (15 ao\u00fbt).<\/li><\/ul>\n\n\n\n<div class=\"wp-block-image\"><figure class=\"aligncenter size-large\"><img loading=\"lazy\" decoding=\"async\" width=\"679\" height=\"480\" src=\"https:\/\/culture.malo.wf\/wp-content\/uploads\/2020\/07\/Calendrier-liturgique-paroisse-de-Hahake-copie-Grand-Petit.jpg\" alt=\"\" class=\"wp-image-526\" srcset=\"https:\/\/culture.malo.wf\/wp-content\/uploads\/2020\/07\/Calendrier-liturgique-paroisse-de-Hahake-copie-Grand-Petit.jpg 679w, https:\/\/culture.malo.wf\/wp-content\/uploads\/2020\/07\/Calendrier-liturgique-paroisse-de-Hahake-copie-Grand-Petit-300x212.jpg 300w\" sizes=\"auto, (max-width: 679px) 100vw, 679px\" \/><\/figure><\/div>\n\n\n\n<ul class=\"wp-block-list\"><li><strong>La Paroisse du Sud, Mua<\/strong>, comprend 10 villages. Elle est divis\u00e9e en deux parties: la premi\u00e8re, <em>Lotomu&rsquo;a<\/em> est consacr\u00e9e <strong>sous le vocable de St Joseph<\/strong> (1er mai) et la seconde, <em>Fuga&rsquo;uvea<\/em>, est consacr\u00e9e au <strong>Sacr\u00e9-Coeur de J\u00e9sus-Christ<\/strong> (fin juin):<\/li><\/ul>\n\n\n\n<div class=\"wp-block-image\"><figure class=\"aligncenter size-large\"><img loading=\"lazy\" decoding=\"async\" width=\"679\" height=\"480\" src=\"https:\/\/culture.malo.wf\/wp-content\/uploads\/2020\/07\/Calendrier-liturgique-paroisse-de-Mua-copie-Grand-Petit.jpg\" alt=\"\" class=\"wp-image-528\" srcset=\"https:\/\/culture.malo.wf\/wp-content\/uploads\/2020\/07\/Calendrier-liturgique-paroisse-de-Mua-copie-Grand-Petit.jpg 679w, https:\/\/culture.malo.wf\/wp-content\/uploads\/2020\/07\/Calendrier-liturgique-paroisse-de-Mua-copie-Grand-Petit-300x212.jpg 300w\" sizes=\"auto, (max-width: 679px) 100vw, 679px\" \/><\/figure><\/div>\n\n\n\n<p><strong>L&rsquo;\u00eele de Futuna comprend 2 royaumes d\u00e9finissant ainsi les 2 paroisses: Alo et Sigave<\/strong><\/p>\n\n\n\n<ul class=\"wp-block-list\"><li>La paroisse de &lsquo;Alo est consacr\u00e9e \u00e0 Notre Dame des sept douleurs:<\/li><\/ul>\n\n\n\n<div class=\"wp-block-image\"><figure class=\"aligncenter size-large\"><img loading=\"lazy\" decoding=\"async\" width=\"679\" height=\"480\" src=\"https:\/\/culture.malo.wf\/wp-content\/uploads\/2020\/07\/Calendrier-liturgique-Royaume-de-Alo-copie-Grand-Petit.jpg\" alt=\"\" class=\"wp-image-529\" srcset=\"https:\/\/culture.malo.wf\/wp-content\/uploads\/2020\/07\/Calendrier-liturgique-Royaume-de-Alo-copie-Grand-Petit.jpg 679w, https:\/\/culture.malo.wf\/wp-content\/uploads\/2020\/07\/Calendrier-liturgique-Royaume-de-Alo-copie-Grand-Petit-300x212.jpg 300w\" sizes=\"auto, (max-width: 679px) 100vw, 679px\" \/><\/figure><\/div>\n\n\n\n<ul class=\"wp-block-list\"><li>La paroisse de Sigave est consacr\u00e9e \u00e0 Notre Dame des sept douleurs:<\/li><\/ul>\n\n\n\n<div class=\"wp-block-image\"><figure class=\"aligncenter size-large\"><img loading=\"lazy\" decoding=\"async\" width=\"679\" height=\"480\" src=\"https:\/\/culture.malo.wf\/wp-content\/uploads\/2020\/07\/Calendrier-liturgique-Royaume-de-Sigave-V-2-Grand-Petit.jpg\" alt=\"\" class=\"wp-image-530\" srcset=\"https:\/\/culture.malo.wf\/wp-content\/uploads\/2020\/07\/Calendrier-liturgique-Royaume-de-Sigave-V-2-Grand-Petit.jpg 679w, https:\/\/culture.malo.wf\/wp-content\/uploads\/2020\/07\/Calendrier-liturgique-Royaume-de-Sigave-V-2-Grand-Petit-300x212.jpg 300w\" sizes=\"auto, (max-width: 679px) 100vw, 679px\" \/><\/figure><\/div>\n","protected":false},"excerpt":{"rendered":"<p>Wallis et Futuna n&rsquo;ont pas connu de pr\u00e9sence europ\u00e9enne notable avant le 19e si\u00e8cle. En effet, c&rsquo;est en 1837que Mgr POMPALLIER, ayant pour mission d&rsquo;\u00e9vang\u00e9liser l&rsquo;Oc\u00e9anie, laisse le P. Bataillon \u00e0 Wallis le 1er&#46;&#46;&#46;<\/p>\n","protected":false},"author":1,"featured_media":0,"parent":29,"menu_order":1,"comment_status":"closed","ping_status":"closed","template":"page-templates\/child-menu.php","meta":{"footnotes":""},"class_list":["post-282","page","type-page","status-publish","hentry"],"_links":{"self":[{"href":"https:\/\/culture.malo.wf\/index.php?rest_route=\/wp\/v2\/pages\/282","targetHints":{"allow":["GET"]}}],"collection":[{"href":"https:\/\/culture.malo.wf\/index.php?rest_route=\/wp\/v2\/pages"}],"about":[{"href":"https:\/\/culture.malo.wf\/index.php?rest_route=\/wp\/v2\/types\/page"}],"author":[{"embeddable":true,"href":"https:\/\/culture.malo.wf\/index.php?rest_route=\/wp\/v2\/users\/1"}],"replies":[{"embeddable":true,"href":"https:\/\/culture.malo.wf\/index.php?rest_route=%2Fwp%2Fv2%2Fcomments&post=282"}],"version-history":[{"count":7,"href":"https:\/\/culture.malo.wf\/index.php?rest_route=\/wp\/v2\/pages\/282\/revisions"}],"predecessor-version":[{"id":548,"href":"https:\/\/culture.malo.wf\/index.php?rest_route=\/wp\/v2\/pages\/282\/revisions\/548"}],"up":[{"embeddable":true,"href":"https:\/\/culture.malo.wf\/index.php?rest_route=\/wp\/v2\/pages\/29"}],"wp:attachment":[{"href":"https:\/\/culture.malo.wf\/index.php?rest_route=%2Fwp%2Fv2%2Fmedia&parent=282"}],"curies":[{"name":"wp","href":"https:\/\/api.w.org\/{rel}","templated":true}]}}