{"id":20,"date":"2018-05-28T23:28:12","date_gmt":"2018-05-28T21:28:12","guid":{"rendered":"http:\/\/culture.malo.wf\/?page_id=20"},"modified":"2020-07-21T15:51:23","modified_gmt":"2020-07-21T03:51:23","slug":"accueil","status":"publish","type":"page","link":"https:\/\/culture.malo.wf\/","title":{"rendered":"Accueil"},"content":{"rendered":"\n<blockquote class=\"wp-block-quote has-text-align-center is-layout-flow wp-block-quote-is-layout-flow\"><p><span style=\"color:#8d0d24\" class=\"has-inline-color\">\u00ab\u00a0<em>Celui qui ne sait pas d&rsquo;o\u00f9 il vient, ne peut savoir o\u00f9 il va car il ne sait pas o\u00f9 il est. En ce sens, le pass\u00e9 est la rampe de lancement vers l&rsquo;avenir.\u00a0\u00bb <\/em>&#8211; Otto von Bismarck<\/span><\/p><cite><span style=\"color:#020d12\" class=\"has-inline-color\"><em>\u00ab\u00a0Ko ia &lsquo;ae &lsquo;e mole ina &lsquo;ilo&rsquo;i pe&rsquo;e ha&rsquo;u mai fea, &lsquo;e mole mo feala anai ke ina &lsquo;ilo&rsquo;i pe&rsquo;e tau ki fea he&rsquo;e mole ina &lsquo;ilo&rsquo;i pe&rsquo;e tu&rsquo;u i fea. Ko tona &lsquo;uhiga &lsquo;aen\u1fd1, ko te temi kua hili atu &lsquo;e fakatafito&rsquo;aki &lsquo;ia fakatu&rsquo;utu&rsquo;u ki t<\/em>e k\u1fb1ha&rsquo;u.\u00a0\u00bb Otto von Bismarck<\/span><\/cite><\/blockquote>\n\n\n\n<div class=\"wp-block-group\"><div class=\"wp-block-group__inner-container is-layout-flow wp-block-group-is-layout-flow\">\n<h1><em><strong><span style=\"color: #000000;\"><img loading=\"lazy\" decoding=\"async\" class=\" wp-image-274 aligncenter\" src=\"https:\/\/culture.malo.wf\/wp-content\/uploads\/2020\/06\/Bienvenue.jpg\" alt=\"\" width=\"485\" height=\"110\" srcset=\"https:\/\/culture.malo.wf\/wp-content\/uploads\/2020\/06\/Bienvenue.jpg 612w, https:\/\/culture.malo.wf\/wp-content\/uploads\/2020\/06\/Bienvenue-300x68.jpg 300w\" sizes=\"auto, (max-width: 485px) 100vw, 485px\" \/><\/span> <img loading=\"lazy\" decoding=\"async\" class=\"alignnone size-full wp-image-62\" src=\"https:\/\/culture.malo.wf\/wp-content\/uploads\/2018\/05\/Bande-Site-Internet-2.jpg\" alt=\"\" width=\"1380\" height=\"280\" srcset=\"https:\/\/culture.malo.wf\/wp-content\/uploads\/2018\/05\/Bande-Site-Internet-2.jpg 1380w, https:\/\/culture.malo.wf\/wp-content\/uploads\/2018\/05\/Bande-Site-Internet-2-300x61.jpg 300w, https:\/\/culture.malo.wf\/wp-content\/uploads\/2018\/05\/Bande-Site-Internet-2-768x156.jpg 768w, https:\/\/culture.malo.wf\/wp-content\/uploads\/2018\/05\/Bande-Site-Internet-2-1024x208.jpg 1024w\" sizes=\"auto, (max-width: 1380px) 100vw, 1380px\" \/><\/strong><\/em><\/h1>\n<h4 style=\"text-align: center;\"><em><span style=\"color: #402603;\">M\u1fb1lo te lava mai ki te p\u1fb1sina neti o te selevisi fakat\u0113<\/span><\/em><em><span style=\"color: #402603;\">lituale e taupau mo malu&rsquo;i ia koloa fakafenua o &lsquo;Uvea mo Futuna<\/span><br><\/em><\/h4>\n<h4 style=\"text-align: center;\"><em>Ke man\u1fe1&rsquo;ia lau kaku mai ki le p\u1fb1sina neti o le selevisi fakat\u0113lituale taupau ki koloa fakafenua o &lsquo;Uvea mo Futuna<\/em><\/h4>\n<\/div><\/div>\n\n\n\n<div class=\"wp-block-image\"><figure class=\"aligncenter size-large\"><img loading=\"lazy\" decoding=\"async\" width=\"854\" height=\"249\" src=\"https:\/\/culture.malo.wf\/wp-content\/uploads\/2020\/07\/Miniature-Wallis-et-Futuna-Petit.png\" alt=\"\" class=\"wp-image-434\" srcset=\"https:\/\/culture.malo.wf\/wp-content\/uploads\/2020\/07\/Miniature-Wallis-et-Futuna-Petit.png 854w, https:\/\/culture.malo.wf\/wp-content\/uploads\/2020\/07\/Miniature-Wallis-et-Futuna-Petit-300x87.png 300w, https:\/\/culture.malo.wf\/wp-content\/uploads\/2020\/07\/Miniature-Wallis-et-Futuna-Petit-768x224.png 768w\" sizes=\"auto, (max-width: 854px) 100vw, 854px\" \/><\/figure><\/div>\n\n\n\n<p style=\"color:#010f16\" class=\"has-text-color\">Le Territoire des \u00eeles Wallis et Futuna est compos\u00e9 de trois \u00eeles : Wallis, Futuna et <em>Alofi<\/em>. Il est r\u00e9parti en deux groupes d\u2019\u00eeles : Wallis (<em>Uv\u00e9a<\/em>), d\u2019une part, d\u2019une superficie de 75,64 km\u00b2 et Futuna et l\u2019\u00eelot voisin d\u2019<em>Alofi<\/em>, d\u2019autre part, avec une superficie de 64.06 km\u00b2. Sa population est de 11 558 habitants en 2018.<\/p>\n\n\n\n<p style=\"color:#010d12\" class=\"has-text-color\">\u00c9loign\u00e9 de 22 000&nbsp;km de la France m\u00e9tropolitaine, de 2 100&nbsp;km de la Nouvelle-Cal\u00e9donie et de 2 700&nbsp;km de la Polyn\u00e9sie fran\u00e7aise, il s\u2019agit du Territoire ultra-marin le plus \u00e9loign\u00e9 de la m\u00e9tropole.<\/p>\n\n\n\n<p style=\"color:#010d12\" class=\"has-text-color\">Les \u00eeles Wallis et Futuna sont r\u00e9gies par la loi du 29 juillet 1961. Cette loi garantit \u00e0 la population locale le libre exercice de sa religion ainsi que le respect de ses croyances et de ses coutumes tant qu\u2019elles ne sont pas contraires aux principes g\u00e9n\u00e9raux du droit. Depuis le 28 mars 2003, le Territoire est devenu une collectivit\u00e9 d\u2019outre-mer, sans que les fondamentaux du statut de 1961 ne soient modifi\u00e9s. La collectivit\u00e9 est divis\u00e9e en 3 circonscriptions, dont le d\u00e9coupage est calqu\u00e9 sur les 3 royaumes que compte le Territoire (<em>Uvea<\/em> pour Wallis, <em>Alo<\/em> et <em>Sigave<\/em> pour Futuna).<\/p>\n\n\n\n<p style=\"color:#010a0e\" class=\"has-text-color\">Ainsi, Wallis et Futuna est une collectivit\u00e9 fran\u00e7aise dot\u00e9e d\u2019une organisation institutionnelle particuli\u00e8re fond\u00e9e autour de trois institutions&nbsp;: l\u2019Administration sup\u00e9rieure repr\u00e9sentant l\u2019\u00c9tat, l\u2019Assembl\u00e9e territoriale et les chefferies.<\/p>\n\n\n\n<p style=\"color:#010c10\" class=\"has-text-color\">Chacune des 3 chefferies dispose d\u2019une hi\u00e9rarchie qui lui est propre. Futuna comprend deux royaumes, <em>Alo<\/em> et <em>Sigave<\/em>. L\u2019\u00eele de Wallis (Uv\u00e9a) est plac\u00e9e sous l\u2019autorit\u00e9 d\u2019un roi.<\/p>\n\n\n\n<div class=\"wp-block-image\"><figure class=\"aligncenter size-large\"><img loading=\"lazy\" decoding=\"async\" width=\"670\" height=\"480\" src=\"https:\/\/culture.malo.wf\/wp-content\/uploads\/2020\/07\/Organigramme-Institutions-Territoriales-VF-Petit.png\" alt=\"\" class=\"wp-image-533\" srcset=\"https:\/\/culture.malo.wf\/wp-content\/uploads\/2020\/07\/Organigramme-Institutions-Territoriales-VF-Petit.png 670w, https:\/\/culture.malo.wf\/wp-content\/uploads\/2020\/07\/Organigramme-Institutions-Territoriales-VF-Petit-300x215.png 300w\" sizes=\"auto, (max-width: 670px) 100vw, 670px\" \/><\/figure><\/div>\n\n\n\n<p style=\"color:#010e14\" class=\"has-text-color\">L\u2019organisation traditionnelle de la soci\u00e9t\u00e9 autochtone de Wallis et Futuna subsiste \u00e0 c\u00f4t\u00e9 des institutions officielles.<\/p>\n\n\n\n<p style=\"color:#01090d\" class=\"has-text-color\">La loi statutaire de 1961 dispose que \u00ab la R\u00e9publique garantit aux populations du Territoire des \u00eeles Wallis et Futuna le libre exercice de leur religion, ainsi que le respect de leurs croyances et de leurs coutumes \u00bb.<\/p>\n\n\n\n<p style=\"color:#010d12\" class=\"has-text-color\">L&rsquo;\u00eele de Wallis constitue un royaume avec \u00e0 sa t\u00eate un roi qui porte le titre de <em>LAVELUA<\/em>. L&rsquo;\u00eele de Futuna comporte deux royaumes&nbsp;: celui de Alo, avec un roi appel\u00e9 <em>TUIAGAIFO<\/em> et celui de <em>Sigave<\/em> portant alternativement le titre de <em>TAMOLEVAI<\/em>,<em> TUISIGAVE<\/em> ou <em>KELETAONA<\/em>, selon la famille royale \u00e0 laquelle il appartient.<\/p>\n\n\n\n<p style=\"color:#010c10\" class=\"has-text-color\">Chaque roi est d\u00e9sign\u00e9 au sein de familles aristocratiques par les notables. Il exerce un pouvoir non n\u00e9gligeable pour tout ce qui rel\u00e8ve de la coutume.<\/p>\n\n\n\n<p style=\"color:#010d12\" class=\"has-text-color\">Par ailleurs, chaque roi exerce des fonctions administratives. Il pr\u00e9side tout d&rsquo;abord le conseil de la circonscription administrative dont les limites sont celles du royaume. Il est aid\u00e9 dans sa t\u00e2che par un premier ministre et des ministres coutumiers. La tutelle de l&rsquo;action du roi coutumier et de ses conseillers est exerc\u00e9e par un d\u00e9l\u00e9gu\u00e9 du chef du Territoire. Chaque roi est, d\u2019autre part, membre de droit au conseil territorial avec trois autres membres nomm\u00e9s par l\u2019Administrateur sup\u00e9rieur, chef du Territoire. Le conseil territorial exprime des avis sur tous les projets de d\u00e9lib\u00e9ration soumis \u00e0 l\u2019Assembl\u00e9e territoriale.<\/p>\n\n\n\n<div class=\"wp-block-image\"><figure class=\"aligncenter size-large\"><img loading=\"lazy\" decoding=\"async\" width=\"643\" height=\"480\" src=\"https:\/\/culture.malo.wf\/wp-content\/uploads\/2020\/07\/Organigrammes-Chefferie-de-Uvea-v.21072020_2-Petit.jpg\" alt=\"\" class=\"wp-image-552\" srcset=\"https:\/\/culture.malo.wf\/wp-content\/uploads\/2020\/07\/Organigrammes-Chefferie-de-Uvea-v.21072020_2-Petit.jpg 643w, https:\/\/culture.malo.wf\/wp-content\/uploads\/2020\/07\/Organigrammes-Chefferie-de-Uvea-v.21072020_2-Petit-300x224.jpg 300w\" sizes=\"auto, (max-width: 643px) 100vw, 643px\" \/><\/figure><\/div>\n\n\n\n<div class=\"wp-block-image\"><figure class=\"aligncenter size-large\"><img loading=\"lazy\" decoding=\"async\" width=\"639\" height=\"480\" src=\"https:\/\/culture.malo.wf\/wp-content\/uploads\/2020\/07\/Organigrammes-Chefferie-de-Alo-v.21072020_3-Petit.jpg\" alt=\"\" class=\"wp-image-553\" srcset=\"https:\/\/culture.malo.wf\/wp-content\/uploads\/2020\/07\/Organigrammes-Chefferie-de-Alo-v.21072020_3-Petit.jpg 639w, https:\/\/culture.malo.wf\/wp-content\/uploads\/2020\/07\/Organigrammes-Chefferie-de-Alo-v.21072020_3-Petit-300x225.jpg 300w\" sizes=\"auto, (max-width: 639px) 100vw, 639px\" \/><\/figure><\/div>\n\n\n\n<div class=\"wp-block-image\"><figure class=\"aligncenter size-large\"><img loading=\"lazy\" decoding=\"async\" width=\"639\" height=\"480\" src=\"https:\/\/culture.malo.wf\/wp-content\/uploads\/2020\/07\/Organigrammes-Chefferie-de-Sigave-v.21072020_3-Petit.jpg\" alt=\"\" class=\"wp-image-551\" srcset=\"https:\/\/culture.malo.wf\/wp-content\/uploads\/2020\/07\/Organigrammes-Chefferie-de-Sigave-v.21072020_3-Petit.jpg 639w, https:\/\/culture.malo.wf\/wp-content\/uploads\/2020\/07\/Organigrammes-Chefferie-de-Sigave-v.21072020_3-Petit-300x225.jpg 300w\" sizes=\"auto, (max-width: 639px) 100vw, 639px\" \/><\/figure><\/div>\n","protected":false},"excerpt":{"rendered":"<p>\u00ab\u00a0Celui qui ne sait pas d&rsquo;o\u00f9 il vient, ne peut savoir o\u00f9 il va car il ne sait pas o\u00f9 il est. En ce sens, le pass\u00e9 est la rampe de lancement vers l&rsquo;avenir.\u00a0\u00bb&#46;&#46;&#46;<\/p>\n","protected":false},"author":1,"featured_media":0,"parent":0,"menu_order":0,"comment_status":"closed","ping_status":"closed","template":"","meta":{"footnotes":""},"class_list":["post-20","page","type-page","status-publish","hentry"],"_links":{"self":[{"href":"https:\/\/culture.malo.wf\/index.php?rest_route=\/wp\/v2\/pages\/20","targetHints":{"allow":["GET"]}}],"collection":[{"href":"https:\/\/culture.malo.wf\/index.php?rest_route=\/wp\/v2\/pages"}],"about":[{"href":"https:\/\/culture.malo.wf\/index.php?rest_route=\/wp\/v2\/types\/page"}],"author":[{"embeddable":true,"href":"https:\/\/culture.malo.wf\/index.php?rest_route=\/wp\/v2\/users\/1"}],"replies":[{"embeddable":true,"href":"https:\/\/culture.malo.wf\/index.php?rest_route=%2Fwp%2Fv2%2Fcomments&post=20"}],"version-history":[{"count":32,"href":"https:\/\/culture.malo.wf\/index.php?rest_route=\/wp\/v2\/pages\/20\/revisions"}],"predecessor-version":[{"id":555,"href":"https:\/\/culture.malo.wf\/index.php?rest_route=\/wp\/v2\/pages\/20\/revisions\/555"}],"wp:attachment":[{"href":"https:\/\/culture.malo.wf\/index.php?rest_route=%2Fwp%2Fv2%2Fmedia&parent=20"}],"curies":[{"name":"wp","href":"https:\/\/api.w.org\/{rel}","templated":true}]}}