{"id":169,"date":"2018-06-14T11:16:06","date_gmt":"2018-06-13T23:16:06","guid":{"rendered":"http:\/\/culture.malo.wf\/?page_id=169"},"modified":"2020-07-20T13:26:46","modified_gmt":"2020-07-20T01:26:46","slug":"sites-historiques-wallis","status":"publish","type":"page","link":"https:\/\/culture.malo.wf\/?page_id=169","title":{"rendered":"Sites de Wallis"},"content":{"rendered":"\n<p style=\"color:#011016\" class=\"has-text-color has-text-align-center\">A Wallis, le service s&rsquo;attache \u00e0 l&rsquo;entretien du site de <em>Talietumu<\/em>. <\/p>\n\n\n\n<figure class=\"wp-block-image size-large is-resized is-style-rounded\"><img loading=\"lazy\" decoding=\"async\" src=\"https:\/\/culture.malo.wf\/wp-content\/uploads\/2020\/07\/Vue-panoramique-TALIETUMU-Petit.jpg\" alt=\"\" class=\"wp-image-397\" width=\"969\" height=\"522\" srcset=\"https:\/\/culture.malo.wf\/wp-content\/uploads\/2020\/07\/Vue-panoramique-TALIETUMU-Petit.jpg 854w, https:\/\/culture.malo.wf\/wp-content\/uploads\/2020\/07\/Vue-panoramique-TALIETUMU-Petit-300x162.jpg 300w, https:\/\/culture.malo.wf\/wp-content\/uploads\/2020\/07\/Vue-panoramique-TALIETUMU-Petit-768x414.jpg 768w\" sizes=\"auto, (max-width: 969px) 100vw, 969px\" \/><figcaption><em>R\u00e9sidence de Talietumu situ\u00e9 \u00e0 l&rsquo;angle du sud ouest du Fort de Kolonui &#8211; Juin 2020<\/em><\/figcaption><\/figure>\n\n\n\n<div class=\"wp-block-cover has-cyan-bluish-gray-background-color has-background-dim\" style=\"min-height:273px;aspect-ratio:unset;\"><div class=\"wp-block-cover__inner-container is-layout-flow wp-block-cover-is-layout-flow\">\n<p class=\"has-text-align-center has-medium-font-size\">FORT DE KOLONUI &#8211; R\u00c9SIDENCE DE TALIETUMU<\/p>\n\n\n\n<p class=\"has-text-align-left\"><em>Le fort de Kolonui a \u00e9t\u00e9 \u00e9rig\u00e9 autour de la r\u00e9sidence fortifi\u00e9e du Talietumu (talie&nbsp;: terminalia catappa \/ tumu&nbsp;: cavit\u00e9\/sommet). Les b\u00e2tisseurs de ce fort sont originaires des \u00celes Tonga. Les Ha\u2019avakatolo, une des grandes familles nobles Tongiennes envoy\u00e9es sur Uvea pour accompagner le roi Ga\u2019asialili, d\u00e9l\u00e9gu\u00e9 par le Tu\u2019i Toga. Ces vestiges t\u00e9moignent de la grandeur de ces conqu\u00e9rants des mers du sud. Ce fort s\u2019inscrit dans une suite de fortifications \u00e9rig\u00e9es par les Tongiens, dans la moiti\u00e9 sud de l\u2019\u00eele. Situ\u00e9e \u00e0 l\u2019angle sud ouest du fort, c\u2019est la plus vaste structure fortifi\u00e9e de la r\u00e9gion de Loto\u2019alahi.<\/em><\/p>\n<\/div><\/div>\n\n\n\n<h2 class=\"wp-block-heading\">Une visite en images&#8230;<\/h2>\n\n\n\n<figure class=\"wp-block-gallery columns-3 is-cropped wp-block-gallery-1 is-layout-flex wp-block-gallery-is-layout-flex\"><ul class=\"blocks-gallery-grid\"><li class=\"blocks-gallery-item\"><figure><img loading=\"lazy\" decoding=\"async\" width=\"480\" height=\"270\" src=\"https:\/\/culture.malo.wf\/wp-content\/uploads\/2020\/07\/Over-the-Horizon-Pictures-Fort-De-Kolonui-222.png\" alt=\"\" data-id=\"541\" data-full-url=\"https:\/\/culture.malo.wf\/wp-content\/uploads\/2020\/07\/Over-the-Horizon-Pictures-Fort-De-Kolonui-222.png\" data-link=\"https:\/\/culture.malo.wf\/?attachment_id=541\" class=\"wp-image-541\" srcset=\"https:\/\/culture.malo.wf\/wp-content\/uploads\/2020\/07\/Over-the-Horizon-Pictures-Fort-De-Kolonui-222.png 480w, https:\/\/culture.malo.wf\/wp-content\/uploads\/2020\/07\/Over-the-Horizon-Pictures-Fort-De-Kolonui-222-300x169.png 300w\" sizes=\"auto, (max-width: 480px) 100vw, 480px\" \/><figcaption class=\"blocks-gallery-item__caption\"><em>R\u00e9sidence de Talietumu vue du ciel (photo STAC)<\/em><\/figcaption><\/figure><\/li><li class=\"blocks-gallery-item\"><figure><img loading=\"lazy\" decoding=\"async\" width=\"640\" height=\"480\" src=\"https:\/\/culture.malo.wf\/wp-content\/uploads\/2020\/07\/IMG_1891-Petit.jpg\" alt=\"\" data-id=\"416\" data-full-url=\"https:\/\/culture.malo.wf\/wp-content\/uploads\/2020\/07\/IMG_1891-Petit.jpg\" data-link=\"https:\/\/culture.malo.wf\/?attachment_id=416\" class=\"wp-image-416\" srcset=\"https:\/\/culture.malo.wf\/wp-content\/uploads\/2020\/07\/IMG_1891-Petit.jpg 640w, https:\/\/culture.malo.wf\/wp-content\/uploads\/2020\/07\/IMG_1891-Petit-300x225.jpg 300w\" sizes=\"auto, (max-width: 640px) 100vw, 640px\" \/><figcaption class=\"blocks-gallery-item__caption\"><em>Vue de la plate-forme inf\u00e9rieure (photo STAC)<\/em><\/figcaption><\/figure><\/li><li class=\"blocks-gallery-item\"><figure><img loading=\"lazy\" decoding=\"async\" width=\"640\" height=\"480\" src=\"https:\/\/culture.malo.wf\/wp-content\/uploads\/2020\/07\/IMG_1707-Petit.jpg\" alt=\"\" data-id=\"414\" data-full-url=\"https:\/\/culture.malo.wf\/wp-content\/uploads\/2020\/07\/IMG_1707-Petit.jpg\" data-link=\"https:\/\/culture.malo.wf\/?attachment_id=414\" class=\"wp-image-414\" srcset=\"https:\/\/culture.malo.wf\/wp-content\/uploads\/2020\/07\/IMG_1707-Petit.jpg 640w, https:\/\/culture.malo.wf\/wp-content\/uploads\/2020\/07\/IMG_1707-Petit-300x225.jpg 300w\" sizes=\"auto, (max-width: 640px) 100vw, 640px\" \/><figcaption class=\"blocks-gallery-item__caption\"><em>Vue sur le grand mala&rsquo;e (photo STAC)<\/em><\/figcaption><\/figure><\/li><li class=\"blocks-gallery-item\"><figure><img loading=\"lazy\" decoding=\"async\" width=\"640\" height=\"480\" src=\"https:\/\/culture.malo.wf\/wp-content\/uploads\/2020\/07\/IMG_1708-Petit.jpg\" alt=\"\" data-id=\"415\" data-full-url=\"https:\/\/culture.malo.wf\/wp-content\/uploads\/2020\/07\/IMG_1708-Petit.jpg\" data-link=\"https:\/\/culture.malo.wf\/?attachment_id=415\" class=\"wp-image-415\" srcset=\"https:\/\/culture.malo.wf\/wp-content\/uploads\/2020\/07\/IMG_1708-Petit.jpg 640w, https:\/\/culture.malo.wf\/wp-content\/uploads\/2020\/07\/IMG_1708-Petit-300x225.jpg 300w\" sizes=\"auto, (max-width: 640px) 100vw, 640px\" \/><figcaption class=\"blocks-gallery-item__caption\"><em>Vue sur la plate-forme \u00ab\u00a0Siaheulupe\u00a0\u00bb (photo STAC)<\/em><\/figcaption><\/figure><\/li><li class=\"blocks-gallery-item\"><figure><img loading=\"lazy\" decoding=\"async\" width=\"640\" height=\"480\" src=\"https:\/\/culture.malo.wf\/wp-content\/uploads\/2020\/07\/IMG_1704-Petit.jpg\" alt=\"\" data-id=\"413\" data-full-url=\"https:\/\/culture.malo.wf\/wp-content\/uploads\/2020\/07\/IMG_1704-Petit.jpg\" data-link=\"https:\/\/culture.malo.wf\/?attachment_id=413\" class=\"wp-image-413\" srcset=\"https:\/\/culture.malo.wf\/wp-content\/uploads\/2020\/07\/IMG_1704-Petit.jpg 640w, https:\/\/culture.malo.wf\/wp-content\/uploads\/2020\/07\/IMG_1704-Petit-300x225.jpg 300w\" sizes=\"auto, (max-width: 640px) 100vw, 640px\" \/><figcaption class=\"blocks-gallery-item__caption\"><em>Photo STAC<\/em><\/figcaption><\/figure><\/li><li class=\"blocks-gallery-item\"><figure><img loading=\"lazy\" decoding=\"async\" width=\"640\" height=\"480\" src=\"https:\/\/culture.malo.wf\/wp-content\/uploads\/2020\/07\/DSCN0682-Petit.jpg\" alt=\"\" data-id=\"412\" data-full-url=\"https:\/\/culture.malo.wf\/wp-content\/uploads\/2020\/07\/DSCN0682-Petit.jpg\" data-link=\"https:\/\/culture.malo.wf\/?attachment_id=412\" class=\"wp-image-412\" srcset=\"https:\/\/culture.malo.wf\/wp-content\/uploads\/2020\/07\/DSCN0682-Petit.jpg 640w, https:\/\/culture.malo.wf\/wp-content\/uploads\/2020\/07\/DSCN0682-Petit-300x225.jpg 300w\" sizes=\"auto, (max-width: 640px) 100vw, 640px\" \/><figcaption class=\"blocks-gallery-item__caption\"><em>Poste de guet (photo STAC)<\/em><\/figcaption><\/figure><\/li><\/ul><\/figure>\n\n\n\n<p style=\"color:#010d12\" class=\"has-text-color\">Cependant, dans le cadre de la strat\u00e9gie Culture et Patrimoine 2020-2030, le STAC planifie de multiplier la restauration des sites et monuments recens\u00e9s et de poursuivre l&rsquo;entretien des sites existants tout en r\u00e9fl\u00e9chissant \u00e0 un mode de gestion de ce patrimoine \u00e0 adapter au Territoire.<\/p>\n\n\n\n<div class=\"wp-block-image is-style-default\"><figure class=\"aligncenter size-large is-resized\"><img loading=\"lazy\" decoding=\"async\" src=\"https:\/\/culture.malo.wf\/wp-content\/uploads\/2020\/07\/Brochures-des-sites-Petit.jpg\" alt=\"\" class=\"wp-image-419\" width=\"516\" height=\"371\" srcset=\"https:\/\/culture.malo.wf\/wp-content\/uploads\/2020\/07\/Brochures-des-sites-Petit.jpg 668w, https:\/\/culture.malo.wf\/wp-content\/uploads\/2020\/07\/Brochures-des-sites-Petit-300x216.jpg 300w\" sizes=\"auto, (max-width: 516px) 100vw, 516px\" \/><\/figure><\/div>\n","protected":false},"excerpt":{"rendered":"<p>A Wallis, le service s&rsquo;attache \u00e0 l&rsquo;entretien du site de Talietumu. Une visite en images&#8230; Cependant, dans le cadre de la strat\u00e9gie Culture et Patrimoine 2020-2030, le STAC planifie de multiplier la restauration des&#46;&#46;&#46;<\/p>\n","protected":false},"author":1,"featured_media":0,"parent":307,"menu_order":0,"comment_status":"open","ping_status":"closed","template":"","meta":{"footnotes":""},"class_list":["post-169","page","type-page","status-publish","hentry"],"_links":{"self":[{"href":"https:\/\/culture.malo.wf\/index.php?rest_route=\/wp\/v2\/pages\/169","targetHints":{"allow":["GET"]}}],"collection":[{"href":"https:\/\/culture.malo.wf\/index.php?rest_route=\/wp\/v2\/pages"}],"about":[{"href":"https:\/\/culture.malo.wf\/index.php?rest_route=\/wp\/v2\/types\/page"}],"author":[{"embeddable":true,"href":"https:\/\/culture.malo.wf\/index.php?rest_route=\/wp\/v2\/users\/1"}],"replies":[{"embeddable":true,"href":"https:\/\/culture.malo.wf\/index.php?rest_route=%2Fwp%2Fv2%2Fcomments&post=169"}],"version-history":[{"count":14,"href":"https:\/\/culture.malo.wf\/index.php?rest_route=\/wp\/v2\/pages\/169\/revisions"}],"predecessor-version":[{"id":543,"href":"https:\/\/culture.malo.wf\/index.php?rest_route=\/wp\/v2\/pages\/169\/revisions\/543"}],"up":[{"embeddable":true,"href":"https:\/\/culture.malo.wf\/index.php?rest_route=\/wp\/v2\/pages\/307"}],"wp:attachment":[{"href":"https:\/\/culture.malo.wf\/index.php?rest_route=%2Fwp%2Fv2%2Fmedia&parent=169"}],"curies":[{"name":"wp","href":"https:\/\/api.w.org\/{rel}","templated":true}]}}